{"id":2557,"date":"2020-12-06T15:41:54","date_gmt":"2020-12-06T15:41:54","guid":{"rendered":"https:\/\/www.geantesinvisibles.com\/giant-halimatou-souare\/"},"modified":"2024-10-02T18:39:35","modified_gmt":"2024-10-02T18:39:35","slug":"giant-halimatou-souare","status":"publish","type":"page","link":"https:\/\/www.geantesinvisibles.com\/en\/giant-halimatou-souare\/","title":{"rendered":"Giant Halimatou Souar\u00e9"},"content":{"rendered":"\t\t<div data-elementor-type=\"wp-page\" data-elementor-id=\"2557\" class=\"elementor elementor-2557 elementor-2042\" data-elementor-settings=\"{&quot;ha_cmc_init_switcher&quot;:&quot;no&quot;}\" data-elementor-post-type=\"page\">\n\t\t\t\t\t\t<section class=\"elementor-section elementor-top-section elementor-element elementor-element-efb0d4b elementor-section-stretched elementor-section-boxed elementor-section-height-default elementor-section-height-default\" data-id=\"efb0d4b\" data-element_type=\"section\" data-e-type=\"section\" data-settings=\"{&quot;stretch_section&quot;:&quot;section-stretched&quot;,&quot;background_background&quot;:&quot;classic&quot;,&quot;_ha_eqh_enable&quot;:false}\">\n\t\t\t\t\t\t<div class=\"elementor-container elementor-column-gap-no\">\n\t\t\t\t\t<div class=\"elementor-column elementor-col-100 elementor-top-column elementor-element elementor-element-d566178\" data-id=\"d566178\" data-element_type=\"column\" data-e-type=\"column\">\n\t\t\t<div class=\"elementor-widget-wrap elementor-element-populated\">\n\t\t\t\t\t\t<div class=\"elementor-element elementor-element-fabd1f8 elementor-widget elementor-widget-image\" data-id=\"fabd1f8\" data-element_type=\"widget\" data-e-type=\"widget\" data-widget_type=\"image.default\">\n\t\t\t\t<div class=\"elementor-widget-container\">\n\t\t\t\t\t\t\t\t\t\t\t\t\t\t\t<img fetchpriority=\"high\" decoding=\"async\" width=\"1200\" height=\"800\" src=\"https:\/\/www.geantesinvisibles.com\/wp-content\/uploads\/2020\/10\/HalimatouSouare_1.jpg\" class=\"attachment-full size-full wp-image-2384\" alt=\"\" srcset=\"https:\/\/www.geantesinvisibles.com\/wp-content\/uploads\/2020\/10\/HalimatouSouare_1.jpg 1200w, https:\/\/www.geantesinvisibles.com\/wp-content\/uploads\/2020\/10\/HalimatouSouare_1-300x200.jpg 300w, https:\/\/www.geantesinvisibles.com\/wp-content\/uploads\/2020\/10\/HalimatouSouare_1-1024x683.jpg 1024w, https:\/\/www.geantesinvisibles.com\/wp-content\/uploads\/2020\/10\/HalimatouSouare_1-768x512.jpg 768w\" sizes=\"(max-width: 1200px) 100vw, 1200px\" \/>\t\t\t\t\t\t\t\t\t\t\t\t\t\t\t<\/div>\n\t\t\t\t<\/div>\n\t\t\t\t\t<\/div>\n\t\t<\/div>\n\t\t\t\t\t<\/div>\n\t\t<\/section>\n\t\t\t\t<section class=\"elementor-section elementor-top-section elementor-element elementor-element-652953e elementor-section-boxed elementor-section-height-default elementor-section-height-default\" data-id=\"652953e\" data-element_type=\"section\" data-e-type=\"section\" data-settings=\"{&quot;background_background&quot;:&quot;classic&quot;,&quot;_ha_eqh_enable&quot;:false}\">\n\t\t\t\t\t\t<div class=\"elementor-container elementor-column-gap-default\">\n\t\t\t\t\t<div class=\"elementor-column elementor-col-100 elementor-top-column elementor-element elementor-element-87f7951\" data-id=\"87f7951\" data-element_type=\"column\" data-e-type=\"column\" data-settings=\"{&quot;background_background&quot;:&quot;classic&quot;}\">\n\t\t\t<div class=\"elementor-widget-wrap elementor-element-populated\">\n\t\t\t\t\t\t<div class=\"elementor-element elementor-element-4093ed4 elementor-widget elementor-widget-text-editor\" data-id=\"4093ed4\" data-element_type=\"widget\" data-e-type=\"widget\" data-widget_type=\"text-editor.default\">\n\t\t\t\t<div class=\"elementor-widget-container\">\n\t\t\t\t\t\t\t\t\tHalimatou Souar\u00e9<br>Of Peace and of Humanism\t\t\t\t\t\t\t\t<\/div>\n\t\t\t\t<\/div>\n\t\t\t\t<div class=\"elementor-element elementor-element-8f59669 elementor-widget elementor-widget-text-editor\" data-id=\"8f59669\" data-element_type=\"widget\" data-e-type=\"widget\" data-widget_type=\"text-editor.default\">\n\t\t\t\t<div class=\"elementor-widget-container\">\n\t\t\t\t\t\t\t\t\t<p><span style=\"font-weight: 400;\">This Giant, pioneer of the fight for peace in Casamance has tremendous motivation and is courageous! <\/span><\/p>\n\t\t\t\t\t\t\t\t<\/div>\n\t\t\t\t<\/div>\n\t\t\t\t\t<\/div>\n\t\t<\/div>\n\t\t\t\t\t<\/div>\n\t\t<\/section>\n\t\t\t\t<section class=\"elementor-section elementor-inner-section elementor-element elementor-element-3db1db3 elementor-section-content-middle elementor-section-boxed elementor-section-height-default elementor-section-height-default\" data-id=\"3db1db3\" data-element_type=\"section\" data-e-type=\"section\" data-settings=\"{&quot;background_background&quot;:&quot;classic&quot;,&quot;_ha_eqh_enable&quot;:false}\">\n\t\t\t\t\t\t<div class=\"elementor-container elementor-column-gap-default\">\n\t\t\t\t\t<div class=\"elementor-column elementor-col-100 elementor-inner-column elementor-element elementor-element-96a36d0 elementor-sm-50\" data-id=\"96a36d0\" data-element_type=\"column\" data-e-type=\"column\" data-settings=\"{&quot;background_background&quot;:&quot;classic&quot;}\">\n\t\t\t<div class=\"elementor-widget-wrap elementor-element-populated\">\n\t\t\t\t\t\t<div class=\"elementor-element elementor-element-2599fb1 elementor-widget elementor-widget-image\" data-id=\"2599fb1\" data-element_type=\"widget\" data-e-type=\"widget\" data-widget_type=\"image.default\">\n\t\t\t\t<div class=\"elementor-widget-container\">\n\t\t\t\t\t\t\t\t\t\t\t\t\t\t\t<img decoding=\"async\" width=\"1200\" height=\"800\" src=\"https:\/\/www.geantesinvisibles.com\/wp-content\/uploads\/2020\/10\/HalimatouSouare_2.jpg\" class=\"attachment-full size-full wp-image-2385\" alt=\"\" srcset=\"https:\/\/www.geantesinvisibles.com\/wp-content\/uploads\/2020\/10\/HalimatouSouare_2.jpg 1200w, https:\/\/www.geantesinvisibles.com\/wp-content\/uploads\/2020\/10\/HalimatouSouare_2-300x200.jpg 300w, https:\/\/www.geantesinvisibles.com\/wp-content\/uploads\/2020\/10\/HalimatouSouare_2-1024x683.jpg 1024w, https:\/\/www.geantesinvisibles.com\/wp-content\/uploads\/2020\/10\/HalimatouSouare_2-768x512.jpg 768w\" sizes=\"(max-width: 1200px) 100vw, 1200px\" \/>\t\t\t\t\t\t\t\t\t\t\t\t\t\t\t<\/div>\n\t\t\t\t<\/div>\n\t\t\t\t<div class=\"elementor-element elementor-element-f7c3148 elementor-widget elementor-widget-text-editor\" data-id=\"f7c3148\" data-element_type=\"widget\" data-e-type=\"widget\" data-widget_type=\"text-editor.default\">\n\t\t\t\t<div class=\"elementor-widget-container\">\n\t\t\t\t\t\t\t\t\t<p>At the age of sixty-nine and mother of eight, Halimatou created in Ziguinchor a unit for processing dried agricultural products in an artisanal manner by the women of her Economic Interest Group: banana to thiakry (a senegalese millet pudding), mangoes, fonio (a type of millet), and so on. This entity also serves as a training center and receives young trainees from various technical high schools, the University of Ziguinchor and other universities in Senegal. Since 2018, the Senegalese State has sent a dozen trainees from training schools, and universities for an 18-month internship in their processing unit.   <br \/>Halimatou was living peacefully between her village Badem and her town Ziguinchor, when in 1981, the &#8220;conflict in Casamance&#8221; broke out, as well as the macabre countdown which accompanied it&#8230; She was distraught! One day, on her way back from the village  <\/p>\n<p>where she had gone to harvest the crops, she met the rebels and held up a sign for peace. This first citizen and patriot act, at first motivated by a mother&#8217;s fear for her children, marked the beginning of her commitment to peace! Aware of the urgency to stop the violence, she devoted herself entirely, transporting and distributing food around the battlefield, caring for the wounded, gathering the victims, the refugees fleeing their villages and risking her own life at every moment in this dangerous environment. Yet, she handled her fear, in faith with her inner leitmotiv: &#8220;We risk nothing, because we are doing good, God will protect us!&#8221; She is deeply moved by the lives sacrificed to these fratricidal struggles. \u201cA weapon doesn\u2019t know the difference between a father and a son,\u201d she says.     <br \/>In 1995, when twenty-five soldiers died, many women at the regional and national level joined her struggle for peace, &#8220;It is not only sons from Dakar who are dying but our brothers and fathers too&#8221;. The Casamance conflict caused her to lose land and sources of income. In 1983, she created the Association for the Promotion of the Mother and Child Kagamen which aims at helping displaced women like her, assisting and training landmine victims, encouraging women to return to their communities and to create income generating activities.   <br \/>In fact, from the first tumults that heralded the conflict in Casamance, the &#8220;founder&#8221; of KAGAMEN, Halimatou SOUARE has been very considerate by initiating already in 1983, the first march for peace, accompanied by 5 men, namely: Aba Diatta, a former deputy of Robert Sagna at the town hall of Ziguinchor, a former gendarme named Malamine Man\u00e9, K\u00e9mo San\u00e9, Malamine Di\u00e9m\u00e9 and Moussa Sadio. Several marches took place afterwards, all of them calling for the definitive return of peace in Casamance.  <br \/>Along with the marches and long processions accompanied by traditional and holy songs, several other awareness-raising activities have been initiated by KAGAMEN to bring back peace in the southern part of the country. The launch of the latest major march, a very successful campaign to raise awareness for peace across the three departments in the region, was chaired in 2005 by the Prime Minister, Macky Sall who was then at the head of a strong ministerial delegation. The launch took place on 12th, 17th, 20th and 22nd of November 2005 respectively in Niassya, Cabrousse, Bignona and Niaguis with the topic: &#8220;Women and Armed Conflict&#8221;. The Minister of Women and Family, Ndioro Ndiaye had supported Halimatou from the beginning in her initiatives. The Minister of Environment at the time had come to meet with the actors of the rebellion. Halimatou thus gained legitimacy as the peoples&#8217; voice with the authorities.      <br \/>Halimatou was elected deputy mayor of Mangagoulack, a commune made up of eight villages near Bignona, in spite of her will to maintain political neutrality, which gave her more influence at the local level. In the region of Ziguinchor, women organized within several groups (GIE) requested her help to find donors to solve problems of irrigation, fencing, marketing of products, etc&#8230; The women were aware that working for food security and improving their living conditions were essential to keeping their children in the region. Yet they still feel as abandoned as ever, along with their beautiful region. Feelings that were at the origin of their support to the conflict in its early stages persist. Convinced that the easing of tensions depends on the development of the region,<\/p>\n<p>Halimatou works tirelessly to this end, initiating many projects with the support of international organizations. <br \/>To date, displaced, handicapped people are numerous. Victims of landmines are trained by Mrs. Halimatou, even if support is not provided to them and to the rebels who have accepted to lay down their arms. Today, one of Halimatou&#8217;s main projects is the establishment of the Museum of African Women in Casamance. Through this project for enhancing the status of women, KAGAMEN has set itself the goal of promoting peace in Casamance, the sub-region and Africa in general through a forum for dialogue, a framework for exchanges on issues that are shaking African households with a strong mobilization of women leaders from all over Africa.    <br \/>She is still fighting for peace and development.<\/p><\/p>\n\t\t\t\t\t\t\t\t<\/div>\n\t\t\t\t<\/div>\n\t\t\t\t<div class=\"elementor-element elementor-element-973a868 elementor-widget elementor-widget-image\" data-id=\"973a868\" data-element_type=\"widget\" data-e-type=\"widget\" data-widget_type=\"image.default\">\n\t\t\t\t<div class=\"elementor-widget-container\">\n\t\t\t\t\t\t\t\t\t\t\t\t\t\t\t<img decoding=\"async\" width=\"1200\" height=\"800\" src=\"https:\/\/www.geantesinvisibles.com\/wp-content\/uploads\/2020\/10\/HalimatouSouare_3.jpg\" class=\"attachment-full size-full wp-image-2386\" alt=\"\" srcset=\"https:\/\/www.geantesinvisibles.com\/wp-content\/uploads\/2020\/10\/HalimatouSouare_3.jpg 1200w, https:\/\/www.geantesinvisibles.com\/wp-content\/uploads\/2020\/10\/HalimatouSouare_3-300x200.jpg 300w, https:\/\/www.geantesinvisibles.com\/wp-content\/uploads\/2020\/10\/HalimatouSouare_3-1024x683.jpg 1024w, https:\/\/www.geantesinvisibles.com\/wp-content\/uploads\/2020\/10\/HalimatouSouare_3-768x512.jpg 768w\" sizes=\"(max-width: 1200px) 100vw, 1200px\" \/>\t\t\t\t\t\t\t\t\t\t\t\t\t\t\t<\/div>\n\t\t\t\t<\/div>\n\t\t\t\t\t<\/div>\n\t\t<\/div>\n\t\t\t\t\t<\/div>\n\t\t<\/section>\n\t\t\t\t<section class=\"elementor-section elementor-top-section elementor-element elementor-element-8b5663f elementor-section-boxed elementor-section-height-default elementor-section-height-default\" data-id=\"8b5663f\" data-element_type=\"section\" data-e-type=\"section\" data-settings=\"{&quot;_ha_eqh_enable&quot;:false}\">\n\t\t\t\t\t\t<div class=\"elementor-container elementor-column-gap-default\">\n\t\t\t\t\t<div class=\"elementor-column elementor-col-100 elementor-top-column elementor-element elementor-element-d363357\" data-id=\"d363357\" data-element_type=\"column\" data-e-type=\"column\">\n\t\t\t<div class=\"elementor-widget-wrap\">\n\t\t\t\t\t\t\t<\/div>\n\t\t<\/div>\n\t\t\t\t\t<\/div>\n\t\t<\/section>\n\t\t\t\t<section class=\"elementor-section elementor-top-section elementor-element elementor-element-c010537 elementor-section-boxed elementor-section-height-default elementor-section-height-default\" data-id=\"c010537\" data-element_type=\"section\" data-e-type=\"section\" data-settings=\"{&quot;_ha_eqh_enable&quot;:false}\">\n\t\t\t\t\t\t<div class=\"elementor-container elementor-column-gap-default\">\n\t\t\t\t\t<div class=\"elementor-column elementor-col-33 elementor-top-column elementor-element elementor-element-c11ba67\" data-id=\"c11ba67\" data-element_type=\"column\" data-e-type=\"column\">\n\t\t\t<div class=\"elementor-widget-wrap elementor-element-populated\">\n\t\t\t\t\t\t<div class=\"elementor-element elementor-element-aa629ae elementor-widget elementor-widget-image\" data-id=\"aa629ae\" data-element_type=\"widget\" data-e-type=\"widget\" data-widget_type=\"image.default\">\n\t\t\t\t<div class=\"elementor-widget-container\">\n\t\t\t\t\t\t\t\t\t\t\t\t\t\t\t\t<a href=\"https:\/\/www.geantesinvisibles.com\/en\/giant-germaine-acogny\/\" target=\"_blank\">\n\t\t\t\t\t\t\t<img loading=\"lazy\" decoding=\"async\" width=\"1024\" height=\"683\" src=\"https:\/\/www.geantesinvisibles.com\/wp-content\/uploads\/2020\/10\/GermaineAcogny_1-1024x683.jpg\" class=\"attachment-large size-large wp-image-2378\" alt=\"\" srcset=\"https:\/\/www.geantesinvisibles.com\/wp-content\/uploads\/2020\/10\/GermaineAcogny_1-1024x683.jpg 1024w, https:\/\/www.geantesinvisibles.com\/wp-content\/uploads\/2020\/10\/GermaineAcogny_1-300x200.jpg 300w, https:\/\/www.geantesinvisibles.com\/wp-content\/uploads\/2020\/10\/GermaineAcogny_1-768x512.jpg 768w, https:\/\/www.geantesinvisibles.com\/wp-content\/uploads\/2020\/10\/GermaineAcogny_1.jpg 1200w\" sizes=\"(max-width: 1024px) 100vw, 1024px\" \/>\t\t\t\t\t\t\t\t<\/a>\n\t\t\t\t\t\t\t\t\t\t\t\t\t\t\t<\/div>\n\t\t\t\t<\/div>\n\t\t\t\t\t<\/div>\n\t\t<\/div>\n\t\t\t\t<div class=\"elementor-column elementor-col-33 elementor-top-column elementor-element elementor-element-847fc03\" data-id=\"847fc03\" data-element_type=\"column\" data-e-type=\"column\">\n\t\t\t<div class=\"elementor-widget-wrap elementor-element-populated\">\n\t\t\t\t\t\t<div class=\"elementor-element elementor-element-7a2417f elementor-widget elementor-widget-image\" data-id=\"7a2417f\" data-element_type=\"widget\" data-e-type=\"widget\" data-widget_type=\"image.default\">\n\t\t\t\t<div class=\"elementor-widget-container\">\n\t\t\t\t\t\t\t\t\t\t\t\t\t\t\t\t<a href=\"https:\/\/www.geantesinvisibles.com\/en\/giant-christiane-agboton-johnson\/\" target=\"_blank\">\n\t\t\t\t\t\t\t<img loading=\"lazy\" decoding=\"async\" width=\"1024\" height=\"683\" src=\"https:\/\/www.geantesinvisibles.com\/wp-content\/uploads\/2020\/10\/ChristianneAgboton_1-1024x683.jpg\" class=\"attachment-large size-large wp-image-2425\" alt=\"\" srcset=\"https:\/\/www.geantesinvisibles.com\/wp-content\/uploads\/2020\/10\/ChristianneAgboton_1-1024x683.jpg 1024w, https:\/\/www.geantesinvisibles.com\/wp-content\/uploads\/2020\/10\/ChristianneAgboton_1-300x200.jpg 300w, https:\/\/www.geantesinvisibles.com\/wp-content\/uploads\/2020\/10\/ChristianneAgboton_1-768x512.jpg 768w, https:\/\/www.geantesinvisibles.com\/wp-content\/uploads\/2020\/10\/ChristianneAgboton_1.jpg 1200w\" sizes=\"(max-width: 1024px) 100vw, 1024px\" \/>\t\t\t\t\t\t\t\t<\/a>\n\t\t\t\t\t\t\t\t\t\t\t\t\t\t\t<\/div>\n\t\t\t\t<\/div>\n\t\t\t\t\t<\/div>\n\t\t<\/div>\n\t\t\t\t<div class=\"elementor-column elementor-col-33 elementor-top-column elementor-element elementor-element-2cb5bc0\" data-id=\"2cb5bc0\" data-element_type=\"column\" data-e-type=\"column\">\n\t\t\t<div class=\"elementor-widget-wrap elementor-element-populated\">\n\t\t\t\t\t\t<div class=\"elementor-element elementor-element-e0891b4 elementor-widget elementor-widget-image\" data-id=\"e0891b4\" data-element_type=\"widget\" data-e-type=\"widget\" data-widget_type=\"image.default\">\n\t\t\t\t<div class=\"elementor-widget-container\">\n\t\t\t\t\t\t\t\t\t\t\t\t\t\t\t\t<a href=\"https:\/\/www.geantesinvisibles.com\/en\/giant-mame-penda-ba\/\" target=\"_blank\">\n\t\t\t\t\t\t\t<img loading=\"lazy\" decoding=\"async\" width=\"1024\" height=\"683\" src=\"https:\/\/www.geantesinvisibles.com\/wp-content\/uploads\/2020\/10\/MamePendaBa_1-1024x683.jpg\" class=\"attachment-large size-large wp-image-2396\" alt=\"\" srcset=\"https:\/\/www.geantesinvisibles.com\/wp-content\/uploads\/2020\/10\/MamePendaBa_1-1024x683.jpg 1024w, https:\/\/www.geantesinvisibles.com\/wp-content\/uploads\/2020\/10\/MamePendaBa_1-300x200.jpg 300w, https:\/\/www.geantesinvisibles.com\/wp-content\/uploads\/2020\/10\/MamePendaBa_1-768x512.jpg 768w, https:\/\/www.geantesinvisibles.com\/wp-content\/uploads\/2020\/10\/MamePendaBa_1.jpg 1200w\" sizes=\"(max-width: 1024px) 100vw, 1024px\" \/>\t\t\t\t\t\t\t\t<\/a>\n\t\t\t\t\t\t\t\t\t\t\t\t\t\t\t<\/div>\n\t\t\t\t<\/div>\n\t\t\t\t\t<\/div>\n\t\t<\/div>\n\t\t\t\t\t<\/div>\n\t\t<\/section>\n\t\t\t\t<\/div>\n\t\t","protected":false},"excerpt":{"rendered":"<p>Halimatou Souar\u00e9Of Peace and of Humanism This Giant, pioneer of the fight for peace in Casamance has tremendous motivation and is courageous! At the age of sixty-nine and mother of eight, Halimatou created in Ziguinchor a unit for processing dried agricultural products in an artisanal manner by the women of [&hellip;]<\/p>\n","protected":false},"author":2,"featured_media":2385,"parent":0,"menu_order":0,"comment_status":"closed","ping_status":"closed","template":"","meta":{"om_disable_all_campaigns":false,"_uag_custom_page_level_css":"","_monsterinsights_skip_tracking":false,"_monsterinsights_sitenote_active":false,"_monsterinsights_sitenote_note":"","_monsterinsights_sitenote_category":0,"site-sidebar-layout":"no-sidebar","site-content-layout":"page-builder","ast-site-content-layout":"full-width-container","site-content-style":"unboxed","site-sidebar-style":"unboxed","ast-global-header-display":"","ast-banner-title-visibility":"","ast-main-header-display":"","ast-hfb-above-header-display":"","ast-hfb-below-header-display":"","ast-hfb-mobile-header-display":"","site-post-title":"disabled","ast-breadcrumbs-content":"","ast-featured-img":"disabled","footer-sml-layout":"","ast-disable-related-posts":"","theme-transparent-header-meta":"default","adv-header-id-meta":"","stick-header-meta":"","header-above-stick-meta":"","header-main-stick-meta":"","header-below-stick-meta":"","astra-migrate-meta-layouts":"default","ast-page-background-enabled":"default","ast-page-background-meta":{"desktop":{"background-color":"","background-image":"","background-repeat":"repeat","background-position":"center center","background-size":"auto","background-attachment":"scroll","background-type":"","background-media":"","overlay-type":"","overlay-color":"","overlay-opacity":"","overlay-gradient":""},"tablet":{"background-color":"","background-image":"","background-repeat":"repeat","background-position":"center center","background-size":"auto","background-attachment":"scroll","background-type":"","background-media":"","overlay-type":"","overlay-color":"","overlay-opacity":"","overlay-gradient":""},"mobile":{"background-color":"","background-image":"","background-repeat":"repeat","background-position":"center center","background-size":"auto","background-attachment":"scroll","background-type":"","background-media":"","overlay-type":"","overlay-color":"","overlay-opacity":"","overlay-gradient":""}},"ast-content-background-meta":{"desktop":{"background-color":"var(--ast-global-color-5)","background-image":"","background-repeat":"repeat","background-position":"center center","background-size":"auto","background-attachment":"scroll","background-type":"","background-media":"","overlay-type":"","overlay-color":"","overlay-opacity":"","overlay-gradient":""},"tablet":{"background-color":"var(--ast-global-color-5)","background-image":"","background-repeat":"repeat","background-position":"center center","background-size":"auto","background-attachment":"scroll","background-type":"","background-media":"","overlay-type":"","overlay-color":"","overlay-opacity":"","overlay-gradient":""},"mobile":{"background-color":"var(--ast-global-color-5)","background-image":"","background-repeat":"repeat","background-position":"center center","background-size":"auto","background-attachment":"scroll","background-type":"","background-media":"","overlay-type":"","overlay-color":"","overlay-opacity":"","overlay-gradient":""}},"footnotes":""},"class_list":["post-2557","page","type-page","status-publish","has-post-thumbnail","hentry"],"aioseo_notices":[],"uagb_featured_image_src":{"full":["https:\/\/www.geantesinvisibles.com\/wp-content\/uploads\/2020\/10\/HalimatouSouare_2.jpg",1200,800,false],"thumbnail":["https:\/\/www.geantesinvisibles.com\/wp-content\/uploads\/2020\/10\/HalimatouSouare_2-150x150.jpg",150,150,true],"medium":["https:\/\/www.geantesinvisibles.com\/wp-content\/uploads\/2020\/10\/HalimatouSouare_2-300x200.jpg",300,200,true],"medium_large":["https:\/\/www.geantesinvisibles.com\/wp-content\/uploads\/2020\/10\/HalimatouSouare_2-768x512.jpg",768,512,true],"large":["https:\/\/www.geantesinvisibles.com\/wp-content\/uploads\/2020\/10\/HalimatouSouare_2-1024x683.jpg",1024,683,true],"1536x1536":["https:\/\/www.geantesinvisibles.com\/wp-content\/uploads\/2020\/10\/HalimatouSouare_2.jpg",1200,800,false],"2048x2048":["https:\/\/www.geantesinvisibles.com\/wp-content\/uploads\/2020\/10\/HalimatouSouare_2.jpg",1200,800,false]},"uagb_author_info":{"display_name":"G\u00e9antes Invisibles","author_link":"https:\/\/www.geantesinvisibles.com\/en\/author\/tijinou\/"},"uagb_comment_info":0,"uagb_excerpt":"Halimatou Souar\u00e9Of Peace and of Humanism This Giant, pioneer of the fight for peace in Casamance has tremendous motivation and is courageous! At the age of sixty-nine and mother of eight, Halimatou created in Ziguinchor a unit for processing dried agricultural products in an artisanal manner by the women of [&hellip;]","_links":{"self":[{"href":"https:\/\/www.geantesinvisibles.com\/en\/wp-json\/wp\/v2\/pages\/2557","targetHints":{"allow":["GET"]}}],"collection":[{"href":"https:\/\/www.geantesinvisibles.com\/en\/wp-json\/wp\/v2\/pages"}],"about":[{"href":"https:\/\/www.geantesinvisibles.com\/en\/wp-json\/wp\/v2\/types\/page"}],"author":[{"embeddable":true,"href":"https:\/\/www.geantesinvisibles.com\/en\/wp-json\/wp\/v2\/users\/2"}],"replies":[{"embeddable":true,"href":"https:\/\/www.geantesinvisibles.com\/en\/wp-json\/wp\/v2\/comments?post=2557"}],"version-history":[{"count":0,"href":"https:\/\/www.geantesinvisibles.com\/en\/wp-json\/wp\/v2\/pages\/2557\/revisions"}],"wp:featuredmedia":[{"embeddable":true,"href":"https:\/\/www.geantesinvisibles.com\/en\/wp-json\/wp\/v2\/media\/2385"}],"wp:attachment":[{"href":"https:\/\/www.geantesinvisibles.com\/en\/wp-json\/wp\/v2\/media?parent=2557"}],"curies":[{"name":"wp","href":"https:\/\/api.w.org\/{rel}","templated":true}]}}